{"id":9,"date":"2021-04-19T10:44:55","date_gmt":"2021-04-19T13:44:55","guid":{"rendered":"https:\/\/rafaellfrasson.com.br\/?page_id=9"},"modified":"2025-05-21T13:45:44","modified_gmt":"2025-05-21T16:45:44","slug":"sobre","status":"publish","type":"page","link":"https:\/\/rafaellfrasson.com.br\/index.php\/sobre\/","title":{"rendered":"Sobre"},"content":{"rendered":"\n<p>Desenvolvedor de software com s\u00f3lida experi\u00eancia nas linguagens PHP (utilizando o framework Laravel), C# e Java (com o framework Spring). Possui especializa\u00e7\u00e3o no desenvolvimento de jogos, com profici\u00eancia nas engines Unity, Unreal Engine e Godot. Adicionalmente, tem habilidades em design 3D para a cria\u00e7\u00e3o de ambientes e personagens, utilizando as ferramentas Blender e GIMP.<\/p>\n\n\n\n<p><\/p>\n","protected":false},"excerpt":{"rendered":"<p>Desenvolvedor de software com s\u00f3lida experi\u00eancia nas linguagens PHP (utilizando o framework Laravel), C# e Java (com o framework Spring). Possui especializa\u00e7\u00e3o no desenvolvimento de jogos, com profici\u00eancia nas engines Unity, Unreal Engine e Godot. Adicionalmente, tem habilidades em design 3D para a cria\u00e7\u00e3o de ambientes e personagens, utilizando as ferramentas Blender e GIMP.<\/p>\n","protected":false},"author":1,"featured_media":61,"parent":0,"menu_order":0,"comment_status":"closed","ping_status":"closed","template":"","meta":{"om_disable_all_campaigns":false,"_monsterinsights_skip_tracking":false,"_monsterinsights_sitenote_active":false,"_monsterinsights_sitenote_note":"","_monsterinsights_sitenote_category":0,"footnotes":""},"class_list":["post-9","page","type-page","status-publish","has-post-thumbnail","hentry"],"aioseo_notices":[],"_links":{"self":[{"href":"https:\/\/rafaellfrasson.com.br\/index.php\/wp-json\/wp\/v2\/pages\/9","targetHints":{"allow":["GET"]}}],"collection":[{"href":"https:\/\/rafaellfrasson.com.br\/index.php\/wp-json\/wp\/v2\/pages"}],"about":[{"href":"https:\/\/rafaellfrasson.com.br\/index.php\/wp-json\/wp\/v2\/types\/page"}],"author":[{"embeddable":true,"href":"https:\/\/rafaellfrasson.com.br\/index.php\/wp-json\/wp\/v2\/users\/1"}],"replies":[{"embeddable":true,"href":"https:\/\/rafaellfrasson.com.br\/index.php\/wp-json\/wp\/v2\/comments?post=9"}],"version-history":[{"count":3,"href":"https:\/\/rafaellfrasson.com.br\/index.php\/wp-json\/wp\/v2\/pages\/9\/revisions"}],"predecessor-version":[{"id":60,"href":"https:\/\/rafaellfrasson.com.br\/index.php\/wp-json\/wp\/v2\/pages\/9\/revisions\/60"}],"wp:featuredmedia":[{"embeddable":true,"href":"https:\/\/rafaellfrasson.com.br\/index.php\/wp-json\/wp\/v2\/media\/61"}],"wp:attachment":[{"href":"https:\/\/rafaellfrasson.com.br\/index.php\/wp-json\/wp\/v2\/media?parent=9"}],"curies":[{"name":"wp","href":"https:\/\/api.w.org\/{rel}","templated":true}]}}