{"id":12,"date":"2021-04-19T10:44:55","date_gmt":"2021-04-19T13:44:55","guid":{"rendered":"https:\/\/rafaellfrasson.com.br\/?page_id=12"},"modified":"2021-10-04T10:05:01","modified_gmt":"2021-10-04T13:05:01","slug":"uma-secao-de-pagina-inicial","status":"publish","type":"page","link":"https:\/\/rafaellfrasson.com.br\/index.php\/uma-secao-de-pagina-inicial\/","title":{"rendered":"Destina-se"},"content":{"rendered":"\n<p>Este \u00e9 um site que tem objetivo de mostrar um pouco do fa\u00e7o e do que j\u00e1 fiz na minha experi\u00eancia com programador Freelancer, servindo como portf\u00f3lio da minha carreira.<\/p>\n","protected":false},"excerpt":{"rendered":"<p>Este \u00e9 um site que tem objetivo de mostrar um pouco do fa\u00e7o e do que j\u00e1 fiz na minha experi\u00eancia com programador Freelancer, servindo como portf\u00f3lio da minha carreira.<\/p>\n","protected":false},"author":1,"featured_media":34,"parent":0,"menu_order":0,"comment_status":"closed","ping_status":"closed","template":"","meta":{"om_disable_all_campaigns":false,"_monsterinsights_skip_tracking":false,"_monsterinsights_sitenote_active":false,"_monsterinsights_sitenote_note":"","_monsterinsights_sitenote_category":0,"footnotes":""},"class_list":["post-12","page","type-page","status-publish","has-post-thumbnail","hentry"],"aioseo_notices":[],"_links":{"self":[{"href":"https:\/\/rafaellfrasson.com.br\/index.php\/wp-json\/wp\/v2\/pages\/12","targetHints":{"allow":["GET"]}}],"collection":[{"href":"https:\/\/rafaellfrasson.com.br\/index.php\/wp-json\/wp\/v2\/pages"}],"about":[{"href":"https:\/\/rafaellfrasson.com.br\/index.php\/wp-json\/wp\/v2\/types\/page"}],"author":[{"embeddable":true,"href":"https:\/\/rafaellfrasson.com.br\/index.php\/wp-json\/wp\/v2\/users\/1"}],"replies":[{"embeddable":true,"href":"https:\/\/rafaellfrasson.com.br\/index.php\/wp-json\/wp\/v2\/comments?post=12"}],"version-history":[{"count":2,"href":"https:\/\/rafaellfrasson.com.br\/index.php\/wp-json\/wp\/v2\/pages\/12\/revisions"}],"predecessor-version":[{"id":44,"href":"https:\/\/rafaellfrasson.com.br\/index.php\/wp-json\/wp\/v2\/pages\/12\/revisions\/44"}],"wp:featuredmedia":[{"embeddable":true,"href":"https:\/\/rafaellfrasson.com.br\/index.php\/wp-json\/wp\/v2\/media\/34"}],"wp:attachment":[{"href":"https:\/\/rafaellfrasson.com.br\/index.php\/wp-json\/wp\/v2\/media?parent=12"}],"curies":[{"name":"wp","href":"https:\/\/api.w.org\/{rel}","templated":true}]}}